{"id":1019,"date":"2022-08-06T20:24:24","date_gmt":"2022-08-06T20:24:24","guid":{"rendered":"https:\/\/meier-ip.eu\/ueber-mich\/"},"modified":"2026-01-02T13:05:13","modified_gmt":"2026-01-02T13:05:13","slug":"ueber-mich","status":"publish","type":"page","link":"https:\/\/meier-ip.eu\/de\/ueber-mich\/","title":{"rendered":"\u00dcber mich"},"content":{"rendered":"\n<p>Ich biete patentanwaltliche Beratung und Vertretung in Patent-, Gebrauchsmuster-, Marken- und Geschmacksmusterangelegenheiten. Neben der Ausarbeitung von Anmeldungen und der Vertretung in Verfahren vor dem Deutschen Patent- und Markenamt, dem Europ\u00e4ischen Patentamt und dem Amt der Europ\u00e4ischen Union f\u00fcr geistiges Eigentum (EUIPO) verf\u00fcge ich \u00fcber Erfahrung in streitigen Verfahren (Einspr\u00fcche und Verletzungs- und Nichtigkeitsverfahren). Dar\u00fcber hinaus bin ich als European Patent Litigator (UPC) zugelassen.<\/p>\n\n<figure class=\"wp-block-image size-full\"><img loading=\"lazy\" decoding=\"async\" width=\"619\" height=\"630\" src=\"https:\/\/meier-ip.eu\/wp-content\/uploads\/2025\/12\/portrait-sketch-1.jpg\" alt=\"\" class=\"wp-image-1069\" srcset=\"https:\/\/meier-ip.eu\/wp-content\/uploads\/2025\/12\/portrait-sketch-1.jpg 619w, https:\/\/meier-ip.eu\/wp-content\/uploads\/2025\/12\/portrait-sketch-1-295x300.jpg 295w\" sizes=\"auto, (max-width: 619px) 100vw, 619px\" \/><\/figure>\n\n<h6 class=\"wp-block-heading\">Warum ich gerne IP-Dienstleister bin<\/h6>\n\n<p>Akteure im Bereich des geistigen Eigentums (seien es Einzelerfinder, Start-up-Unternehmen, mittelst\u00e4ndische Firmen oder multinationale Unternehmen) m\u00fcssen mit begrenzten Ressourcen auskommen. Gerne stehe ich zur Verf\u00fcgung, um diesem Bedarf gerecht zu werden. <\/p>\n\n<p>Mein mathematischer\/quantenphysikalischer Hintergrund bildet die Grundlage f\u00fcr meine Dienstleistungen in Bezug auf computerimplementierte Erfindungen (CII), einschlie\u00dflich k\u00fcnstlicher Intelligenz (KI), Bildgebungstechniken und Quanteninformationsverarbeitung.<\/p>\n\n<h6 class=\"wp-block-heading\">Mein technischer Hintergrund<\/h6>\n\n<p>Vor meiner T\u00e4tigkeit in eigener Kanzlei meier ip habe ich meine Ausbildung in einer IP-Boutique (Kraus &amp; Weisert) absolviert und anschlie\u00dfend in einer der f\u00fchrenden deutschen IP-Kanzleien (Vossius &amp; Partner) gearbeitet. <\/p>\n\n<p>Ich bin promovierter Physiker (LMU M\u00fcnchen, University of Oxford, New College Oxford, Universit\u00e4t Basel) und habe dar\u00fcber hinaus einen Master of Laws (LL.M.)-Abschluss. Ich bin Physiker (LMU M\u00fcnchen, University of Oxford, New College Oxford, Universit\u00e4t Basel) und habe dar\u00fcber hinaus einen Master of Laws (LL.M.)-Abschluss. Vor meiner T\u00e4tigkeit im gewerblichen Rechtsschutz war ich am California NanoSystems Institute und an der University of California Santa Barbara t\u00e4tig. Meine Arbeit wurde mit verschiedenen Preisen und Stipendien ausgezeichnet und in zahlreichen wissenschaftlichen Artikeln ver\u00f6ffentlicht.<\/p>\n\n<p>Bitte kontaktieren Sie mich \u00fcber den E-Mail-Link auf meiner Kontaktseite, wenn Sie Fragen haben. Weitergehende Informationen sind in meinem <a href=\"https:\/\/de.linkedin.com\/in\/florian-meier-210062152\">linkedin-Profil<\/a> enthalten.<\/p>\n","protected":false},"excerpt":{"rendered":"<p>Ich biete patentanwaltliche Beratung und Vertretung in Patent-, Gebrauchsmuster-, Marken- und Geschmacksmusterangelegenheiten. Neben der Ausarbeitung von Anmeldungen und der Vertretung in Verfahren vor dem Deutschen Patent- und Markenamt, dem Europ\u00e4ischen Patentamt und dem Amt der Europ\u00e4ischen Union f\u00fcr geistiges Eigentum (EUIPO) verf\u00fcge ich \u00fcber Erfahrung in streitigen Verfahren (Einspr\u00fcche und Verletzungs- und Nichtigkeitsverfahren). Dar\u00fcber hinaus &hellip; <\/p>\n<p class=\"link-more\"><a href=\"https:\/\/meier-ip.eu\/de\/ueber-mich\/\" class=\"more-link\"><span class=\"screen-reader-text\">\u201e\u00dcber mich\u201c <\/span>weiterlesen<\/a><\/p>\n","protected":false},"author":2,"featured_media":0,"parent":0,"menu_order":0,"comment_status":"closed","ping_status":"closed","template":"","meta":{"footnotes":""},"class_list":["post-1019","page","type-page","status-publish","hentry"],"yoast_head":"<title>\u00dcber mich - meier ip<\/title>\n<meta name=\"description\" content=\"Mein Hintergrund in algorithmischen, mathematischen, computerbezogenen und quantentechnologischen Erfindungen bildet die Grundlage f\u00fcr meine Arbeit.\" \/>\n<meta name=\"robots\" content=\"index, follow, max-snippet:-1, max-image-preview:large, max-video-preview:-1\" \/>\n<link rel=\"canonical\" href=\"https:\/\/meier-ip.eu\/de\/ueber-mich\/\" \/>\n<meta property=\"og:locale\" content=\"de_DE\" \/>\n<meta property=\"og:type\" content=\"article\" \/>\n<meta property=\"og:title\" content=\"\u00dcber mich - meier ip\" \/>\n<meta property=\"og:description\" content=\"Mein Hintergrund in algorithmischen, mathematischen, computerbezogenen und quantentechnologischen Erfindungen bildet die Grundlage f\u00fcr meine Arbeit.\" \/>\n<meta property=\"og:url\" content=\"https:\/\/meier-ip.eu\/de\/ueber-mich\/\" \/>\n<meta property=\"og:site_name\" content=\"meier ip\" \/>\n<meta property=\"article:modified_time\" content=\"2026-01-02T13:05:13+00:00\" \/>\n<meta property=\"og:image\" content=\"https:\/\/meier-ip.eu\/wp-content\/uploads\/2025\/12\/portrait-sketch-1.jpg\" \/>\n<meta name=\"twitter:card\" content=\"summary_large_image\" \/>\n<meta name=\"twitter:label1\" content=\"Gesch\u00e4tzte Lesezeit\" \/>\n\t<meta name=\"twitter:data1\" content=\"1\u00a0Minute\" \/>\n<script type=\"application\/ld+json\" class=\"yoast-schema-graph\">{\"@context\":\"https:\\\/\\\/schema.org\",\"@graph\":[{\"@type\":\"WebPage\",\"@id\":\"https:\\\/\\\/meier-ip.eu\\\/de\\\/ueber-mich\\\/\",\"url\":\"https:\\\/\\\/meier-ip.eu\\\/de\\\/ueber-mich\\\/\",\"name\":\"\u00dcber mich - meier ip\",\"isPartOf\":{\"@id\":\"https:\\\/\\\/meier-ip.eu\\\/de\\\/#website\"},\"primaryImageOfPage\":{\"@id\":\"https:\\\/\\\/meier-ip.eu\\\/de\\\/ueber-mich\\\/#primaryimage\"},\"image\":{\"@id\":\"https:\\\/\\\/meier-ip.eu\\\/de\\\/ueber-mich\\\/#primaryimage\"},\"thumbnailUrl\":\"https:\\\/\\\/meier-ip.eu\\\/wp-content\\\/uploads\\\/2025\\\/12\\\/portrait-sketch-1.jpg\",\"datePublished\":\"2022-08-06T20:24:24+00:00\",\"dateModified\":\"2026-01-02T13:05:13+00:00\",\"description\":\"Mein Hintergrund in algorithmischen, mathematischen, computerbezogenen und quantentechnologischen Erfindungen bildet die Grundlage f\u00fcr meine Arbeit.\",\"breadcrumb\":{\"@id\":\"https:\\\/\\\/meier-ip.eu\\\/de\\\/ueber-mich\\\/#breadcrumb\"},\"inLanguage\":\"de\",\"potentialAction\":[{\"@type\":\"ReadAction\",\"target\":[\"https:\\\/\\\/meier-ip.eu\\\/de\\\/ueber-mich\\\/\"]}]},{\"@type\":\"ImageObject\",\"inLanguage\":\"de\",\"@id\":\"https:\\\/\\\/meier-ip.eu\\\/de\\\/ueber-mich\\\/#primaryimage\",\"url\":\"https:\\\/\\\/meier-ip.eu\\\/wp-content\\\/uploads\\\/2025\\\/12\\\/portrait-sketch-1.jpg\",\"contentUrl\":\"https:\\\/\\\/meier-ip.eu\\\/wp-content\\\/uploads\\\/2025\\\/12\\\/portrait-sketch-1.jpg\"},{\"@type\":\"BreadcrumbList\",\"@id\":\"https:\\\/\\\/meier-ip.eu\\\/de\\\/ueber-mich\\\/#breadcrumb\",\"itemListElement\":[{\"@type\":\"ListItem\",\"position\":1,\"name\":\"Start\",\"item\":\"https:\\\/\\\/meier-ip.eu\\\/de\\\/\"},{\"@type\":\"ListItem\",\"position\":2,\"name\":\"\u00dcber mich\"}]},{\"@type\":\"WebSite\",\"@id\":\"https:\\\/\\\/meier-ip.eu\\\/de\\\/#website\",\"url\":\"https:\\\/\\\/meier-ip.eu\\\/de\\\/\",\"name\":\"meier ip\",\"description\":\"Your IP service provider.\",\"potentialAction\":[{\"@type\":\"SearchAction\",\"target\":{\"@type\":\"EntryPoint\",\"urlTemplate\":\"https:\\\/\\\/meier-ip.eu\\\/de\\\/?s={search_term_string}\"},\"query-input\":{\"@type\":\"PropertyValueSpecification\",\"valueRequired\":true,\"valueName\":\"search_term_string\"}}],\"inLanguage\":\"de\"}]}<\/script>","yoast_head_json":{"title":"\u00dcber mich - meier ip","description":"Mein Hintergrund in algorithmischen, mathematischen, computerbezogenen und quantentechnologischen Erfindungen bildet die Grundlage f\u00fcr meine Arbeit.","robots":{"index":"index","follow":"follow","max-snippet":"max-snippet:-1","max-image-preview":"max-image-preview:large","max-video-preview":"max-video-preview:-1"},"canonical":"https:\/\/meier-ip.eu\/de\/ueber-mich\/","og_locale":"de_DE","og_type":"article","og_title":"\u00dcber mich - meier ip","og_description":"Mein Hintergrund in algorithmischen, mathematischen, computerbezogenen und quantentechnologischen Erfindungen bildet die Grundlage f\u00fcr meine Arbeit.","og_url":"https:\/\/meier-ip.eu\/de\/ueber-mich\/","og_site_name":"meier ip","article_modified_time":"2026-01-02T13:05:13+00:00","og_image":[{"url":"https:\/\/meier-ip.eu\/wp-content\/uploads\/2025\/12\/portrait-sketch-1.jpg","type":"","width":"","height":""}],"twitter_card":"summary_large_image","twitter_misc":{"Gesch\u00e4tzte Lesezeit":"1\u00a0Minute"},"schema":{"@context":"https:\/\/schema.org","@graph":[{"@type":"WebPage","@id":"https:\/\/meier-ip.eu\/de\/ueber-mich\/","url":"https:\/\/meier-ip.eu\/de\/ueber-mich\/","name":"\u00dcber mich - meier ip","isPartOf":{"@id":"https:\/\/meier-ip.eu\/de\/#website"},"primaryImageOfPage":{"@id":"https:\/\/meier-ip.eu\/de\/ueber-mich\/#primaryimage"},"image":{"@id":"https:\/\/meier-ip.eu\/de\/ueber-mich\/#primaryimage"},"thumbnailUrl":"https:\/\/meier-ip.eu\/wp-content\/uploads\/2025\/12\/portrait-sketch-1.jpg","datePublished":"2022-08-06T20:24:24+00:00","dateModified":"2026-01-02T13:05:13+00:00","description":"Mein Hintergrund in algorithmischen, mathematischen, computerbezogenen und quantentechnologischen Erfindungen bildet die Grundlage f\u00fcr meine Arbeit.","breadcrumb":{"@id":"https:\/\/meier-ip.eu\/de\/ueber-mich\/#breadcrumb"},"inLanguage":"de","potentialAction":[{"@type":"ReadAction","target":["https:\/\/meier-ip.eu\/de\/ueber-mich\/"]}]},{"@type":"ImageObject","inLanguage":"de","@id":"https:\/\/meier-ip.eu\/de\/ueber-mich\/#primaryimage","url":"https:\/\/meier-ip.eu\/wp-content\/uploads\/2025\/12\/portrait-sketch-1.jpg","contentUrl":"https:\/\/meier-ip.eu\/wp-content\/uploads\/2025\/12\/portrait-sketch-1.jpg"},{"@type":"BreadcrumbList","@id":"https:\/\/meier-ip.eu\/de\/ueber-mich\/#breadcrumb","itemListElement":[{"@type":"ListItem","position":1,"name":"Start","item":"https:\/\/meier-ip.eu\/de\/"},{"@type":"ListItem","position":2,"name":"\u00dcber mich"}]},{"@type":"WebSite","@id":"https:\/\/meier-ip.eu\/de\/#website","url":"https:\/\/meier-ip.eu\/de\/","name":"meier ip","description":"Your IP service provider.","potentialAction":[{"@type":"SearchAction","target":{"@type":"EntryPoint","urlTemplate":"https:\/\/meier-ip.eu\/de\/?s={search_term_string}"},"query-input":{"@type":"PropertyValueSpecification","valueRequired":true,"valueName":"search_term_string"}}],"inLanguage":"de"}]}},"_links":{"self":[{"href":"https:\/\/meier-ip.eu\/de\/wp-json\/wp\/v2\/pages\/1019","targetHints":{"allow":["GET"]}}],"collection":[{"href":"https:\/\/meier-ip.eu\/de\/wp-json\/wp\/v2\/pages"}],"about":[{"href":"https:\/\/meier-ip.eu\/de\/wp-json\/wp\/v2\/types\/page"}],"author":[{"embeddable":true,"href":"https:\/\/meier-ip.eu\/de\/wp-json\/wp\/v2\/users\/2"}],"replies":[{"embeddable":true,"href":"https:\/\/meier-ip.eu\/de\/wp-json\/wp\/v2\/comments?post=1019"}],"version-history":[{"count":11,"href":"https:\/\/meier-ip.eu\/de\/wp-json\/wp\/v2\/pages\/1019\/revisions"}],"predecessor-version":[{"id":1084,"href":"https:\/\/meier-ip.eu\/de\/wp-json\/wp\/v2\/pages\/1019\/revisions\/1084"}],"wp:attachment":[{"href":"https:\/\/meier-ip.eu\/de\/wp-json\/wp\/v2\/media?parent=1019"}],"curies":[{"name":"wp","href":"https:\/\/api.w.org\/{rel}","templated":true}]}}