{"id":1027,"date":"2022-08-06T20:24:24","date_gmt":"2022-08-06T20:24:24","guid":{"rendered":"https:\/\/meier-ip.eu\/rechtliches\/"},"modified":"2025-12-30T12:55:10","modified_gmt":"2025-12-30T12:55:10","slug":"rechtliches","status":"publish","type":"page","link":"https:\/\/meier-ip.eu\/de\/rechtliches\/","title":{"rendered":"Rechtliches"},"content":{"rendered":"\n<h6 class=\"wp-block-heading\">Verantwortliche Person im Sinne des Telemediengesetzes:<\/h6>\n\n<p>Dr. Florian Meier, LL.M.<br\/><span id=\"eeb-14915-227259\"><\/span><script type=\"text\/javascript\">(function() {var ml=\"irBcsuG.60O2gt)hn%(5\",mi=\"2543?0@<4=17A;98CA;9B87A;9:6>\",o=\"\";for(var j=0,l=mi.length;j<l;j++) {o+=ml.charAt(mi.charCodeAt(j)-48);}document.getElementById(\"eeb-14915-227259\").innerHTML = decodeURIComponent(o);}());<\/script><noscript>*protected email*<\/noscript><br\/>DE-81677 M\u00fcnchen<br\/>E-Mail: Bitte konsultieren Sie meine <a href=\"https:\/\/meier-ip.eu\/contact\">Kontaktseite<\/a><br\/>Telefon: <span id=\"eeb-521259-805210\"><\/span><script type=\"text\/javascript\">(function() {var ml=\"234%80B195\",mi=\"306283054830581804970\",o=\"\";for(var j=0,l=mi.length;j<l;j++) {o+=ml.charAt(mi.charCodeAt(j)-48);}document.getElementById(\"eeb-521259-805210\").innerHTML = decodeURIComponent(o);}());<\/script><noscript>*protected email*<\/noscript><\/p>\n\n<h6 class=\"wp-block-heading\">Berufsbezeichnung, Berufskammern, Berufsordnungen:<\/h6>\n\n<p>Ich bin als deutscher Patentanwalt, European Patent Attorney und European Trademark und Design Attorney zugelassen.<\/p>\n\n<p>Die Berufsbezeichnung \u201ePatentanwalt\u201c wurde vom Deutschen Patent- und Markenamt (Zweibr\u00fcckenstra\u00dfe 12, DE-80331 M\u00fcnchen) verliehen. Die zust\u00e4ndige Aufsichtsbeh\u00f6rde ist die Patentanwaltskammer.<\/p>\n\n<p>Die Berufsbezeichnung \u201eEuropean Patent Attorney\u201c (oder pr\u00e4ziser, in der Terminologie des EP\u00dcs, \u201eZugelassener Vertreter\u201c) wurde vom Europ\u00e4ischen Patentamt verliehen.<\/p>\n\n<p>Die Berufsbezeichnung \u201eEuropean Trademark and Design Attorney\u201c wurde vom Amt der EU f\u00fcr geistiges Eigentum (EUIPO) verliehen.<\/p>\n\n<p>Als deutscher Patentanwalt unterliege ich der Aufsicht der<br\/>Patentanwaltskammer<br\/>Tal 29<br\/>DE-80331 M\u00fcnchen<br\/>E-Mail: dpak@patentanwalt.de<br\/>Telefon: +49 89 242278-0<\/p>\n\n<p>Als European Patent Attorney unterliege ich der Aufsicht des<br\/>epi (Institut der beim Europ\u00e4ischen Patentamt zugelassenen Vertreter)<br\/>Bayerstra\u00dfe 83<br\/>DE-80335 M\u00fcnchen<br\/>E-Mail: info@patentepi.org<br\/>Telefon: +49 89 24 20 52-0<\/p>\n\n<p>Ich bin an die folgenden berufsrechtlichen Regelungen (gesetzliche Bestimmungen und Verhaltensregeln) gebunden:<br\/>Patentanwaltsordnung (zug\u00e4nglich unter <a rel=\"noreferrer noopener\" href=\"https:\/\/www.patentanwalt.de\" target=\"_blank\">www.patentanwalt.de<\/a>)<br\/>Berufsordnung der Patentanw\u00e4lte (zug\u00e4nglich unter <a rel=\"noreferrer noopener\" href=\"https:\/\/www.patentanwalt.de\" data-type=\"URL\" data-id=\"https:\/\/www.patentanwalt.de\" target=\"_blank\">www.patentanwalt.de<\/a>)<br\/>Verhaltensregeln des epi (zug\u00e4nglich unter <a href=\"https:\/\/www.patentepi.org\" target=\"_blank\" rel=\"noreferrer noopener\">www.patentepi.org<\/a>)<br\/>FICPI-Verhaltensregeln (zug\u00e4nglich unter <a href=\"https:\/\/www.ficpi.org\" target=\"_blank\" rel=\"noreferrer noopener\">www.ficpi.org<\/a>)<\/p>\n\n<h6 class=\"wp-block-heading\">Umsatzsteuer-Identifikationsnummer:<\/h6>\n\n<span id=\"eeb-711160-827102\"><\/span><script type=\"text\/javascript\">(function() {var ml=\"D3758E12\",mi=\"05137462623\",o=\"\";for(var j=0,l=mi.length;j<l;j++) {o+=ml.charAt(mi.charCodeAt(j)-48);}document.getElementById(\"eeb-711160-827102\").innerHTML = decodeURIComponent(o);}());<\/script><noscript>*protected email*<\/noscript>\n\n<h6 class=\"wp-block-heading\">Berufshaftpflichtversicherung:<\/h6>\n\n<p>Mein Berufshaftpflichtversicherer ist die R+V Allgemeine Versicherung AG, Raiffeisenplatz 1, 65189 Wiesbaden. Geltungsbereich: weltweit.<\/p>\n\n<h6 class=\"wp-block-heading\">Markenschutz:<\/h6>\n\n<p>meier ip ist eine eingetragene Marke im Gebiet der Bundesrepublik Deutschland (Markennummer 30 2023 100 494)<\/p>\n\n<h6 class=\"wp-block-heading\">Urheberrecht:<\/h6>\n\n<p>Diese Website unterliegt dem Urheberrecht. Urheberrecht der Fotos: Florian Meier<\/p>\n\n<h6 class=\"wp-block-heading\">Haftungsausschluss f\u00fcr externe Links:<\/h6>\n\n<p>Meine Website enth\u00e4lt externe Links zu Websites Dritter. Ich habe keinen Einfluss auf den Inhalt dieser Websites und kann keine Haftung f\u00fcr solche fremden Inhalte \u00fcbernehmen. Zum Zeitpunkt der Einrichtung meiner Website waren f\u00fcr mich keine Rechtsverst\u00f6\u00dfe in den Informationsinhalten der durch externe Links referenzierten Websites erkennbar. Ich werde einen Link entfernen, falls ich Kenntnis von rechtlichen Problemen mit Website-Inhalten erlange, auf die durch einen solchen externen Link verwiesen wird.<\/p>\n\n<h6 class=\"wp-block-heading\">Rechtlicher Hinweis:<\/h6>\n\n<p>Diese Website bietet keine Rechtsberatung. Der Blog-Bereich gibt meine pers\u00f6nlichen Ansichten wieder, stellt jedoch keine fallbezogene rechtliche Beurteilung oder Beratung dar. Bitte kontaktieren Sie mich (unter Verwendung der auf dieser Website angegebenen Kontaktinformationen), wenn Sie mich zu einem bestimmten Thema konsultieren m\u00f6chten. <\/p>\n\n<p><br\/><\/p>\n","protected":false},"excerpt":{"rendered":"<p>Verantwortliche Person im Sinne des Telemediengesetzes: Dr. Florian Meier, LL.M. DE-81677 M\u00fcnchenE-Mail: Bitte konsultieren Sie meine KontaktseiteTelefon: Berufsbezeichnung, Berufskammern, Berufsordnungen: Ich bin als deutscher Patentanwalt, European Patent Attorney und European Trademark und Design Attorney zugelassen. Die Berufsbezeichnung \u201ePatentanwalt\u201c wurde vom Deutschen Patent- und Markenamt (Zweibr\u00fcckenstra\u00dfe 12, DE-80331 M\u00fcnchen) verliehen. Die zust\u00e4ndige Aufsichtsbeh\u00f6rde ist die Patentanwaltskammer. &hellip; <\/p>\n<p class=\"link-more\"><a href=\"https:\/\/meier-ip.eu\/de\/rechtliches\/\" class=\"more-link\"><span class=\"screen-reader-text\">\u201eRechtliches\u201c <\/span>weiterlesen<\/a><\/p>\n","protected":false},"author":2,"featured_media":0,"parent":0,"menu_order":0,"comment_status":"closed","ping_status":"closed","template":"","meta":{"footnotes":""},"class_list":["post-1027","page","type-page","status-publish","hentry"],"yoast_head":"<title>Rechtliches - meier ip<\/title>\n<meta name=\"robots\" content=\"index, follow, max-snippet:-1, max-image-preview:large, max-video-preview:-1\" \/>\n<link rel=\"canonical\" href=\"https:\/\/meier-ip.eu\/de\/rechtliches\/\" \/>\n<meta property=\"og:locale\" content=\"de_DE\" \/>\n<meta property=\"og:type\" content=\"article\" \/>\n<meta property=\"og:title\" content=\"Rechtliches - meier ip\" \/>\n<meta property=\"og:description\" content=\"Verantwortliche Person im Sinne des Telemediengesetzes: Dr. Florian Meier, LL.M. DE-81677 M\u00fcnchenE-Mail: Bitte konsultieren Sie meine KontaktseiteTelefon: Berufsbezeichnung, Berufskammern, Berufsordnungen: Ich bin als deutscher Patentanwalt, European Patent Attorney und European Trademark und Design Attorney zugelassen. Die Berufsbezeichnung \u201ePatentanwalt\u201c wurde vom Deutschen Patent- und Markenamt (Zweibr\u00fcckenstra\u00dfe 12, DE-80331 M\u00fcnchen) verliehen. Die zust\u00e4ndige Aufsichtsbeh\u00f6rde ist die Patentanwaltskammer. &hellip; \u201eRechtliches\u201c weiterlesen\" \/>\n<meta property=\"og:url\" content=\"https:\/\/meier-ip.eu\/de\/rechtliches\/\" \/>\n<meta property=\"og:site_name\" content=\"meier ip\" \/>\n<meta property=\"article:modified_time\" content=\"2025-12-30T12:55:10+00:00\" \/>\n<meta name=\"twitter:card\" content=\"summary_large_image\" \/>\n<meta name=\"twitter:label1\" content=\"Gesch\u00e4tzte Lesezeit\" \/>\n\t<meta name=\"twitter:data1\" content=\"2\u00a0Minuten\" \/>\n<script type=\"application\/ld+json\" class=\"yoast-schema-graph\">{\"@context\":\"https:\\\/\\\/schema.org\",\"@graph\":[{\"@type\":\"WebPage\",\"@id\":\"https:\\\/\\\/meier-ip.eu\\\/de\\\/rechtliches\\\/\",\"url\":\"https:\\\/\\\/meier-ip.eu\\\/de\\\/rechtliches\\\/\",\"name\":\"Rechtliches - meier ip\",\"isPartOf\":{\"@id\":\"https:\\\/\\\/meier-ip.eu\\\/de\\\/#website\"},\"datePublished\":\"2022-08-06T20:24:24+00:00\",\"dateModified\":\"2025-12-30T12:55:10+00:00\",\"breadcrumb\":{\"@id\":\"https:\\\/\\\/meier-ip.eu\\\/de\\\/rechtliches\\\/#breadcrumb\"},\"inLanguage\":\"de\",\"potentialAction\":[{\"@type\":\"ReadAction\",\"target\":[\"https:\\\/\\\/meier-ip.eu\\\/de\\\/rechtliches\\\/\"]}]},{\"@type\":\"BreadcrumbList\",\"@id\":\"https:\\\/\\\/meier-ip.eu\\\/de\\\/rechtliches\\\/#breadcrumb\",\"itemListElement\":[{\"@type\":\"ListItem\",\"position\":1,\"name\":\"Start\",\"item\":\"https:\\\/\\\/meier-ip.eu\\\/de\\\/\"},{\"@type\":\"ListItem\",\"position\":2,\"name\":\"Rechtliches\"}]},{\"@type\":\"WebSite\",\"@id\":\"https:\\\/\\\/meier-ip.eu\\\/de\\\/#website\",\"url\":\"https:\\\/\\\/meier-ip.eu\\\/de\\\/\",\"name\":\"meier ip\",\"description\":\"Your IP service provider.\",\"potentialAction\":[{\"@type\":\"SearchAction\",\"target\":{\"@type\":\"EntryPoint\",\"urlTemplate\":\"https:\\\/\\\/meier-ip.eu\\\/de\\\/?s={search_term_string}\"},\"query-input\":{\"@type\":\"PropertyValueSpecification\",\"valueRequired\":true,\"valueName\":\"search_term_string\"}}],\"inLanguage\":\"de\"}]}<\/script>","yoast_head_json":{"title":"Rechtliches - meier ip","robots":{"index":"index","follow":"follow","max-snippet":"max-snippet:-1","max-image-preview":"max-image-preview:large","max-video-preview":"max-video-preview:-1"},"canonical":"https:\/\/meier-ip.eu\/de\/rechtliches\/","og_locale":"de_DE","og_type":"article","og_title":"Rechtliches - meier ip","og_description":"Verantwortliche Person im Sinne des Telemediengesetzes: Dr. Florian Meier, LL.M. DE-81677 M\u00fcnchenE-Mail: Bitte konsultieren Sie meine KontaktseiteTelefon: Berufsbezeichnung, Berufskammern, Berufsordnungen: Ich bin als deutscher Patentanwalt, European Patent Attorney und European Trademark und Design Attorney zugelassen. Die Berufsbezeichnung \u201ePatentanwalt\u201c wurde vom Deutschen Patent- und Markenamt (Zweibr\u00fcckenstra\u00dfe 12, DE-80331 M\u00fcnchen) verliehen. Die zust\u00e4ndige Aufsichtsbeh\u00f6rde ist die Patentanwaltskammer. &hellip; \u201eRechtliches\u201c weiterlesen","og_url":"https:\/\/meier-ip.eu\/de\/rechtliches\/","og_site_name":"meier ip","article_modified_time":"2025-12-30T12:55:10+00:00","twitter_card":"summary_large_image","twitter_misc":{"Gesch\u00e4tzte Lesezeit":"2\u00a0Minuten"},"schema":{"@context":"https:\/\/schema.org","@graph":[{"@type":"WebPage","@id":"https:\/\/meier-ip.eu\/de\/rechtliches\/","url":"https:\/\/meier-ip.eu\/de\/rechtliches\/","name":"Rechtliches - meier ip","isPartOf":{"@id":"https:\/\/meier-ip.eu\/de\/#website"},"datePublished":"2022-08-06T20:24:24+00:00","dateModified":"2025-12-30T12:55:10+00:00","breadcrumb":{"@id":"https:\/\/meier-ip.eu\/de\/rechtliches\/#breadcrumb"},"inLanguage":"de","potentialAction":[{"@type":"ReadAction","target":["https:\/\/meier-ip.eu\/de\/rechtliches\/"]}]},{"@type":"BreadcrumbList","@id":"https:\/\/meier-ip.eu\/de\/rechtliches\/#breadcrumb","itemListElement":[{"@type":"ListItem","position":1,"name":"Start","item":"https:\/\/meier-ip.eu\/de\/"},{"@type":"ListItem","position":2,"name":"Rechtliches"}]},{"@type":"WebSite","@id":"https:\/\/meier-ip.eu\/de\/#website","url":"https:\/\/meier-ip.eu\/de\/","name":"meier ip","description":"Your IP service provider.","potentialAction":[{"@type":"SearchAction","target":{"@type":"EntryPoint","urlTemplate":"https:\/\/meier-ip.eu\/de\/?s={search_term_string}"},"query-input":{"@type":"PropertyValueSpecification","valueRequired":true,"valueName":"search_term_string"}}],"inLanguage":"de"}]}},"_links":{"self":[{"href":"https:\/\/meier-ip.eu\/de\/wp-json\/wp\/v2\/pages\/1027","targetHints":{"allow":["GET"]}}],"collection":[{"href":"https:\/\/meier-ip.eu\/de\/wp-json\/wp\/v2\/pages"}],"about":[{"href":"https:\/\/meier-ip.eu\/de\/wp-json\/wp\/v2\/types\/page"}],"author":[{"embeddable":true,"href":"https:\/\/meier-ip.eu\/de\/wp-json\/wp\/v2\/users\/2"}],"replies":[{"embeddable":true,"href":"https:\/\/meier-ip.eu\/de\/wp-json\/wp\/v2\/comments?post=1027"}],"version-history":[{"count":1,"href":"https:\/\/meier-ip.eu\/de\/wp-json\/wp\/v2\/pages\/1027\/revisions"}],"predecessor-version":[{"id":1028,"href":"https:\/\/meier-ip.eu\/de\/wp-json\/wp\/v2\/pages\/1027\/revisions\/1028"}],"wp:attachment":[{"href":"https:\/\/meier-ip.eu\/de\/wp-json\/wp\/v2\/media?parent=1027"}],"curies":[{"name":"wp","href":"https:\/\/api.w.org\/{rel}","templated":true}]}}