{"id":1029,"date":"2022-08-07T14:47:15","date_gmt":"2022-08-07T14:47:15","guid":{"rendered":"https:\/\/meier-ip.eu\/datenschutz\/"},"modified":"2025-12-30T13:04:03","modified_gmt":"2025-12-30T13:04:03","slug":"datenschutz","status":"publish","type":"page","link":"https:\/\/meier-ip.eu\/de\/datenschutz\/","title":{"rendered":"Datenschutz"},"content":{"rendered":"\n<h6 class=\"wp-block-heading\">Verantwortliche Person \/ Kontakt f\u00fcr Datenschutz<br\/><\/h6>\n\n<p>Verantwortlich f\u00fcr Datenschutzangelegenheiten: Dr. Florian Meier, <span id=\"eeb-984450-547236\"><\/span><script type=\"text\/javascript\">(function() {var ml=\"B.)ths6ic%5O0ru(2ngG\",mi=\"0>5847AB53=19@<6:9@<?619@<;C2\",o=\"\";for(var j=0,l=mi.length;j<l;j++) {o+=ml.charAt(mi.charCodeAt(j)-48);}document.getElementById(\"eeb-984450-547236\").innerHTML = decodeURIComponent(o);}());<\/script><noscript>*protected email*<\/noscript>, DE-81677 M\u00fcnchen<br\/>Die Adresse der Website lautet: <a href=\"https:\/\/meier-ip.eu\/de\/\">https:\/\/meier-ip.eu\/<\/a><br\/><\/p>\n\n<p>F\u00fcr Anfragen\/Bedenken bez\u00fcglich des Datenschutzes verwenden Sie bitte die spezielle E-Mail-Adresse <span id=\"eeb-783484-26517\"><\/span><script type=\"text\/javascript\">(function() {var ml=\"4urcdam-ep.o0tn%i\",mi=\"45=592;=83=@;>?0<68@827@9:81\",o=\"\";for(var j=0,l=mi.length;j<l;j++) {o+=ml.charAt(mi.charCodeAt(j)-48);}document.getElementById(\"eeb-783484-26517\").innerHTML = decodeURIComponent(o);}());<\/script><noscript>*protected email*<\/noscript>.<\/p>\n\n<h6 class=\"wp-block-heading\">Website-Hosting<br\/><\/h6>\n\n<p>Diese Website wird von der Strato AG, Otto-Ostrowski-Stra\u00dfe 7, 10249 Berlin, gehostet. Ich habe mit der Strato AG eine Vereinbarung zur Auftragsdatenverarbeitung gem\u00e4\u00df DSGVO getroffen.<\/p>\n\n<h6 class=\"wp-block-heading\">Websitenutzung, Kommentare &amp; Cookies<br\/><\/h6>\n\n<p>Diese Website kann ohne Cookies genutzt werden. <strong>Bitte passen Sie Ihre Browsereinstellungen so an, dass alle Cookies blockiert werden, wenn Sie auf diese Website zugreifen<\/strong>.<\/p>\n\n<p>Wenn Sie auf diese Website zugreifen, werden standardm\u00e4\u00dfig einige grundlegende Informationen \u00fcbermittelt und gespeichert. Diese grundlegenden Informationen k\u00f6nnen Informationen \u00fcber die verwendete Software enthalten, aber auch zus\u00e4tzliche Informationen wie Ihre IP-Adresse, Ihren Browser und die verweisende Website. Diese Informationen werden vor\u00fcbergehend gespeichert und zur Beurteilung der Funktionsf\u00e4higkeit und Zug\u00e4nglichkeit meiner Website verwendet. Ich verwende diese Informationen nicht f\u00fcr Benutzeranalysen oder Zwecke, die nicht mit dem Funktionieren und dem Betrieb der Website zusammenh\u00e4ngen, und habe auch keinen Dritten beauftragt, die Informationen derart zu nutzen. Bitte passen Sie Ihre Ger\u00e4teeinstellungen so an, dass die beim Besuch meiner Website \u00fcbertragenen Informationen m\u00f6glichst gering sind. Ich bem\u00fche mich, meine Website so zu pflegen, dass sie f\u00fcr Besucher, die ihre Ger\u00e4teeinstellungen entsprechend anpassen, funktionsf\u00e4hig bleibt.<\/p>\n\n<p>Ich rate davon ab, Kommentare auf dieser Website zu hinterlassen, und versuche, dies aktiv zu verhindern. Wenn Sie dennoch einen Kommentar auf dieser Website hinterlassen, k\u00f6nnen Sie der Speicherung Ihres Namens, Ihrer E-Mail-Adresse und Ihrer Website in Cookies zustimmen. Diese dienen der Bequemlichkeit, damit Sie Ihre Daten nicht erneut eingeben m\u00fcssen, wenn Sie einen weiteren Kommentar hinterlassen. Diese Cookies sind ein Jahr lang g\u00fcltig.<\/p>\n\n<p>Wenn Sie die Anmeldeseite besuchen, wird ein tempor\u00e4res Cookie gesetzt, um festzustellen, ob Ihr Browser Cookies akzeptiert. Dieses Cookie wird verworfen, wenn Sie Ihren Browser schlie\u00dfen.<\/p>\n\n<p>Wenn Sie sich anmelden (wovon ich abrate und was ich f\u00fcr alle \u201enormalen\u201c Besucher, die keine Administratoren sind, zu verhindern versuche), werden Cookies gesetzt, um Ihre Anmeldeinformationen und die Auswahl Ihrer Bildschirmdarstellung zu speichern. Login-Cookies bleiben zwei Tage lang erhalten, Cookies f\u00fcr Bildschirmoptionen ein Jahr lang. Wenn Sie \u201eRemember Me\u201c w\u00e4hlen, bleibt Ihr Login zwei Wochen lang erhalten. Wenn Sie sich von Ihrem Konto abmelden, werden die Anmelde-Cookies entfernt.<\/p>\n\n<p>Wenn Sie einen Artikel bearbeiten oder ver\u00f6ffentlichen (wovon ich abrate und was ich f\u00fcr alle \u201enormalen\u201c, nicht-administrativen Besucher zu verhindern versuche), wird ein zus\u00e4tzlicher Cookie in Ihrem Browser gespeichert. Dieser Cookie zeigt die Post-ID des Artikels an, den Sie gerade bearbeitet haben. Er verf\u00e4llt nach 1 Tag.<\/p>\n\n<p>Alle Informationen, die Sie im Blog-Bereich angeben (z. B. in Kommentaren), sind \u00f6ffentlich zug\u00e4nglich. Unterlassen Sie es, vertrauliche Informationen einzugeben. Ich behalte mir das Recht vor, Kommentare ganz oder teilweise zu l\u00f6schen, und versuche, Kommentare im Blog-Bereich zu verhindern.<\/p>\n\n<h6 class=\"wp-block-heading\">Eingebettete Inhalte <\/h6>\n\n<p>Diese Website kann eingebettete Inhalte enthalten (z. B. Videos, Bilder, Artikel, Schriftarten usw.). Eingebettete Inhalte verhalten sich genau so, als ob die Quelle der eingebetteten Inhalte besucht w\u00fcrde (z. B. eine Website).<\/p>\n\n<p>Diese Quellen, aus denen Inhalte eingebettet sind, k\u00f6nnen Daten \u00fcber Sie sammeln, Cookies verwenden, zus\u00e4tzliches Tracking von Drittanbietern einbetten und Ihre Interaktion mit diesen eingebetteten Inhalten \u00fcberwachen, einschlie\u00dflich der Verfolgung Ihrer Interaktion mit den eingebetteten Inhalten, wenn Sie ein Konto haben und auf dieser Website angemeldet sind.<\/p>\n\n<h6 class=\"wp-block-heading\">Freiwillige Bereitstellung personenbezogener Daten <\/h6>\n\n<p>Wenn Sie mir freiwillig Informationen zur Verf\u00fcgung stellen, um Rechtsdienstleistungen anzufordern, speichere ich die personenbezogenen Daten gem\u00e4\u00df den gesetzlichen Bestimmungen. Die Daten werden nach Ablauf der gesetzlichen Fristen gel\u00f6scht, es sei denn, Sie fordern mich auf, die Daten l\u00e4nger aufzubewahren. <\/p>\n\n<h6 class=\"wp-block-heading\">Wohin Ihre Daten gesendet werden<\/h6>\n\n<p>Wenn ich bei einem Projekt mit externen Partnern zusammenarbeite, werden Ihre Daten an die externen Partner (z. B. ausl\u00e4ndische Anw\u00e4lte) weitergegeben. Die Daten werden auf die Daten beschr\u00e4nkt, die zur Erf\u00fcllung Ihrer Anfrage und Anweisungen erforderlich sind. Eingehende Daten k\u00f6nnen auch \u00fcbertragen werden, um die Authentizit\u00e4t und Relevanz der Daten zu \u00fcberpr\u00fcfen, z. B. durch einen automatisierten Spam-Erkennungsdienst oder durch \u00dcberpr\u00fcfung der Authentizit\u00e4t digitaler Zertifikate oder Signaturen.<\/p>\n\n<h6 class=\"wp-block-heading\">Ihre Rechte<\/h6>\n\n<p>Sie haben das Recht auf Auskunft \u00fcber Ihre personenbezogenen Daten (einschlie\u00dflich Informationen \u00fcber deren Herkunft), das Recht auf Berichtigung, L\u00f6schung und Einschr\u00e4nkung der Verarbeitung (es sei denn, die Verarbeitung ist aufgrund gesetzlicher Bestimmungen oder eines Mandatsverh\u00e4ltnisses erforderlich), das Recht auf Daten\u00fcbertragbarkeit, wenn die Datenverarbeitung auf der Grundlage eines Vertrags oder Ihrer Einwilligung erfolgt, das Recht, der Datenverarbeitung zu widersprechen (es sei denn, die Verarbeitung ist aus gesetzlichen Gr\u00fcnden oder aufgrund eines Mandatsverh\u00e4ltnisses erforderlich), und Sie k\u00f6nnen eine Einwilligung zur Datenverarbeitung widerrufen, die Sie erteilt haben.<\/p>\n\n<h6 class=\"wp-block-heading\">Sichere Kommunikationswege<\/h6>\n\n<p>Bitte kontaktieren Sie mich, falls Sie Kommunikationswege mit erh\u00f6hter Datensicherheit (MIME, PGP usw.) er\u00f6rtern m\u00f6chten.<\/p>\n\n<h6 class=\"wp-block-heading\">\u00c4nderungen der Datenschutzinformationen<\/h6>\n\n<p>Die Informationen im Abschnitt Datenschutz entsprechen dem Stand vom 30. Dezember 2025. Ich behalte mir das Recht vor, diese Informationen zu aktualisieren.<\/p>\n","protected":false},"excerpt":{"rendered":"<p>Verantwortliche Person \/ Kontakt f\u00fcr Datenschutz Verantwortlich f\u00fcr Datenschutzangelegenheiten: Dr. Florian Meier, , DE-81677 M\u00fcnchenDie Adresse der Website lautet: https:\/\/meier-ip.eu\/ F\u00fcr Anfragen\/Bedenken bez\u00fcglich des Datenschutzes verwenden Sie bitte die spezielle E-Mail-Adresse . Website-Hosting Diese Website wird von der Strato AG, Otto-Ostrowski-Stra\u00dfe 7, 10249 Berlin, gehostet. Ich habe mit der Strato AG eine Vereinbarung zur Auftragsdatenverarbeitung &hellip; <\/p>\n<p class=\"link-more\"><a href=\"https:\/\/meier-ip.eu\/de\/datenschutz\/\" class=\"more-link\"><span class=\"screen-reader-text\">\u201eDatenschutz\u201c <\/span>weiterlesen<\/a><\/p>\n","protected":false},"author":2,"featured_media":0,"parent":0,"menu_order":0,"comment_status":"closed","ping_status":"closed","template":"","meta":{"footnotes":""},"class_list":["post-1029","page","type-page","status-publish","hentry"],"yoast_head":"<title>Datenschutz - meier ip<\/title>\n<meta name=\"description\" content=\"Der sorgf\u00e4ltige Umgang mit Ihren Daten liegt in meiner Verantwortung. Ich achte auf den sorgf\u00e4ltigen Umgang mit Ihren Daten.\" \/>\n<meta name=\"robots\" content=\"index, follow, max-snippet:-1, max-image-preview:large, max-video-preview:-1\" \/>\n<link rel=\"canonical\" href=\"https:\/\/meier-ip.eu\/de\/datenschutz\/\" \/>\n<meta property=\"og:locale\" content=\"de_DE\" \/>\n<meta property=\"og:type\" content=\"article\" \/>\n<meta property=\"og:title\" content=\"Datenschutz - meier ip\" \/>\n<meta property=\"og:description\" content=\"Der sorgf\u00e4ltige Umgang mit Ihren Daten liegt in meiner Verantwortung. Ich achte auf den sorgf\u00e4ltigen Umgang mit Ihren Daten.\" \/>\n<meta property=\"og:url\" content=\"https:\/\/meier-ip.eu\/de\/datenschutz\/\" \/>\n<meta property=\"og:site_name\" content=\"meier ip\" \/>\n<meta property=\"article:modified_time\" content=\"2025-12-30T13:04:03+00:00\" \/>\n<meta name=\"twitter:card\" content=\"summary_large_image\" \/>\n<meta name=\"twitter:label1\" content=\"Gesch\u00e4tzte Lesezeit\" \/>\n\t<meta name=\"twitter:data1\" content=\"4\u00a0Minuten\" \/>\n<script type=\"application\/ld+json\" class=\"yoast-schema-graph\">{\"@context\":\"https:\\\/\\\/schema.org\",\"@graph\":[{\"@type\":\"WebPage\",\"@id\":\"https:\\\/\\\/meier-ip.eu\\\/de\\\/datenschutz\\\/\",\"url\":\"https:\\\/\\\/meier-ip.eu\\\/de\\\/datenschutz\\\/\",\"name\":\"Datenschutz - meier ip\",\"isPartOf\":{\"@id\":\"https:\\\/\\\/meier-ip.eu\\\/de\\\/#website\"},\"datePublished\":\"2022-08-07T14:47:15+00:00\",\"dateModified\":\"2025-12-30T13:04:03+00:00\",\"description\":\"Der sorgf\u00e4ltige Umgang mit Ihren Daten liegt in meiner Verantwortung. Ich achte auf den sorgf\u00e4ltigen Umgang mit Ihren Daten.\",\"breadcrumb\":{\"@id\":\"https:\\\/\\\/meier-ip.eu\\\/de\\\/datenschutz\\\/#breadcrumb\"},\"inLanguage\":\"de\",\"potentialAction\":[{\"@type\":\"ReadAction\",\"target\":[\"https:\\\/\\\/meier-ip.eu\\\/de\\\/datenschutz\\\/\"]}]},{\"@type\":\"BreadcrumbList\",\"@id\":\"https:\\\/\\\/meier-ip.eu\\\/de\\\/datenschutz\\\/#breadcrumb\",\"itemListElement\":[{\"@type\":\"ListItem\",\"position\":1,\"name\":\"Start\",\"item\":\"https:\\\/\\\/meier-ip.eu\\\/de\\\/\"},{\"@type\":\"ListItem\",\"position\":2,\"name\":\"Datenschutz\"}]},{\"@type\":\"WebSite\",\"@id\":\"https:\\\/\\\/meier-ip.eu\\\/de\\\/#website\",\"url\":\"https:\\\/\\\/meier-ip.eu\\\/de\\\/\",\"name\":\"meier ip\",\"description\":\"Your IP service provider.\",\"potentialAction\":[{\"@type\":\"SearchAction\",\"target\":{\"@type\":\"EntryPoint\",\"urlTemplate\":\"https:\\\/\\\/meier-ip.eu\\\/de\\\/?s={search_term_string}\"},\"query-input\":{\"@type\":\"PropertyValueSpecification\",\"valueRequired\":true,\"valueName\":\"search_term_string\"}}],\"inLanguage\":\"de\"}]}<\/script>","yoast_head_json":{"title":"Datenschutz - meier ip","description":"Der sorgf\u00e4ltige Umgang mit Ihren Daten liegt in meiner Verantwortung. Ich achte auf den sorgf\u00e4ltigen Umgang mit Ihren Daten.","robots":{"index":"index","follow":"follow","max-snippet":"max-snippet:-1","max-image-preview":"max-image-preview:large","max-video-preview":"max-video-preview:-1"},"canonical":"https:\/\/meier-ip.eu\/de\/datenschutz\/","og_locale":"de_DE","og_type":"article","og_title":"Datenschutz - meier ip","og_description":"Der sorgf\u00e4ltige Umgang mit Ihren Daten liegt in meiner Verantwortung. Ich achte auf den sorgf\u00e4ltigen Umgang mit Ihren Daten.","og_url":"https:\/\/meier-ip.eu\/de\/datenschutz\/","og_site_name":"meier ip","article_modified_time":"2025-12-30T13:04:03+00:00","twitter_card":"summary_large_image","twitter_misc":{"Gesch\u00e4tzte Lesezeit":"4\u00a0Minuten"},"schema":{"@context":"https:\/\/schema.org","@graph":[{"@type":"WebPage","@id":"https:\/\/meier-ip.eu\/de\/datenschutz\/","url":"https:\/\/meier-ip.eu\/de\/datenschutz\/","name":"Datenschutz - meier ip","isPartOf":{"@id":"https:\/\/meier-ip.eu\/de\/#website"},"datePublished":"2022-08-07T14:47:15+00:00","dateModified":"2025-12-30T13:04:03+00:00","description":"Der sorgf\u00e4ltige Umgang mit Ihren Daten liegt in meiner Verantwortung. Ich achte auf den sorgf\u00e4ltigen Umgang mit Ihren Daten.","breadcrumb":{"@id":"https:\/\/meier-ip.eu\/de\/datenschutz\/#breadcrumb"},"inLanguage":"de","potentialAction":[{"@type":"ReadAction","target":["https:\/\/meier-ip.eu\/de\/datenschutz\/"]}]},{"@type":"BreadcrumbList","@id":"https:\/\/meier-ip.eu\/de\/datenschutz\/#breadcrumb","itemListElement":[{"@type":"ListItem","position":1,"name":"Start","item":"https:\/\/meier-ip.eu\/de\/"},{"@type":"ListItem","position":2,"name":"Datenschutz"}]},{"@type":"WebSite","@id":"https:\/\/meier-ip.eu\/de\/#website","url":"https:\/\/meier-ip.eu\/de\/","name":"meier ip","description":"Your IP service provider.","potentialAction":[{"@type":"SearchAction","target":{"@type":"EntryPoint","urlTemplate":"https:\/\/meier-ip.eu\/de\/?s={search_term_string}"},"query-input":{"@type":"PropertyValueSpecification","valueRequired":true,"valueName":"search_term_string"}}],"inLanguage":"de"}]}},"_links":{"self":[{"href":"https:\/\/meier-ip.eu\/de\/wp-json\/wp\/v2\/pages\/1029","targetHints":{"allow":["GET"]}}],"collection":[{"href":"https:\/\/meier-ip.eu\/de\/wp-json\/wp\/v2\/pages"}],"about":[{"href":"https:\/\/meier-ip.eu\/de\/wp-json\/wp\/v2\/types\/page"}],"author":[{"embeddable":true,"href":"https:\/\/meier-ip.eu\/de\/wp-json\/wp\/v2\/users\/2"}],"replies":[{"embeddable":true,"href":"https:\/\/meier-ip.eu\/de\/wp-json\/wp\/v2\/comments?post=1029"}],"version-history":[{"count":2,"href":"https:\/\/meier-ip.eu\/de\/wp-json\/wp\/v2\/pages\/1029\/revisions"}],"predecessor-version":[{"id":1033,"href":"https:\/\/meier-ip.eu\/de\/wp-json\/wp\/v2\/pages\/1029\/revisions\/1033"}],"wp:attachment":[{"href":"https:\/\/meier-ip.eu\/de\/wp-json\/wp\/v2\/media?parent=1029"}],"curies":[{"name":"wp","href":"https:\/\/api.w.org\/{rel}","templated":true}]}}